{"id":15,"date":"2025-11-17T03:05:00","date_gmt":"2025-11-17T03:05:00","guid":{"rendered":"https:\/\/denjet.asia\/?page_id=15"},"modified":"2026-03-20T14:31:00","modified_gmt":"2026-03-20T06:31:00","slug":"home","status":"publish","type":"page","link":"https:\/\/denjet.asia\/de\/","title":{"rendered":"Startseite"},"content":{"rendered":"<div data-elementor-type=\"wp-page\" data-elementor-id=\"15\" class=\"elementor elementor-15\" data-elementor-post-type=\"page\">\n\t\t\t\t<div class=\"elementor-element elementor-element-e46c6c3 e-con-full elementor-hidden-mobile e-flex e-con e-parent\" data-id=\"e46c6c3\" data-element_type=\"container\" data-e-type=\"container\">\n\t\t<div class=\"elementor-element elementor-element-0af92f0 e-con-full e-flex e-con e-child\" data-id=\"0af92f0\" data-element_type=\"container\" data-e-type=\"container\" data-settings=\"{&quot;background_background&quot;:&quot;classic&quot;}\">\n\t\t\t\t<\/div>\n\t\t<div class=\"elementor-element elementor-element-deb4b86 e-con-full e-flex e-con e-child\" data-id=\"deb4b86\" data-element_type=\"container\" data-e-type=\"container\" data-settings=\"{&quot;background_background&quot;:&quot;classic&quot;}\">\n\t\t\t\t<\/div>\n\t\t\t\t<\/div>\n\t\t<div class=\"elementor-element elementor-element-e1e5fb8 elementor-hidden-mobile e-flex e-con-boxed e-con e-parent\" data-id=\"e1e5fb8\" data-element_type=\"container\" data-e-type=\"container\">\n\t\t\t\t\t<div class=\"e-con-inner\">\n\t\t<div class=\"elementor-element elementor-element-3c1fce5 e-con-full e-flex e-con e-child\" data-id=\"3c1fce5\" data-element_type=\"container\" data-e-type=\"container\" data-settings=\"{&quot;background_background&quot;:&quot;classic&quot;}\">\n\t\t\t\t<div class=\"elementor-element elementor-element-0566cbd elementor-widget elementor-widget-image\" data-id=\"0566cbd\" data-element_type=\"widget\" data-e-type=\"widget\" data-widget_type=\"image.default\">\n\t\t\t\t\t\t\t\t\t\t\t\t\t\t\t<img fetchpriority=\"high\" decoding=\"async\" width=\"778\" height=\"622\" src=\"https:\/\/denjet.asia\/wp-content\/uploads\/2025\/12\/den-jet-logo-footer.png\" class=\"attachment-large size-large wp-image-1778\" alt=\"\" srcset=\"https:\/\/denjet.asia\/wp-content\/uploads\/2025\/12\/den-jet-logo-footer.png 778w, https:\/\/denjet.asia\/wp-content\/uploads\/2025\/12\/den-jet-logo-footer-15x12.png 15w, https:\/\/denjet.asia\/wp-content\/uploads\/2025\/12\/den-jet-logo-footer-300x240.png 300w, https:\/\/denjet.asia\/wp-content\/uploads\/2025\/12\/den-jet-logo-footer-768x614.png 768w\" sizes=\"(max-width: 778px) 100vw, 778px\" \/>\t\t\t\t\t\t\t\t\t\t\t\t\t\t\t<\/div>\n\t\t\t\t<div class=\"elementor-element elementor-element-2f3e998 elementor-widget elementor-widget-heading\" data-id=\"2f3e998\" data-element_type=\"widget\" data-e-type=\"widget\" data-widget_type=\"heading.default\">\n\t\t\t\t\t<h4 class=\"elementor-heading-title elementor-size-default\">DEN-JET Industry &amp; Offshore<\/h4>\t\t\t\t<\/div>\n\t\t\t\t<div class=\"elementor-element elementor-element-dfe163f elementor-widget elementor-widget-text-editor\" data-id=\"dfe163f\" data-element_type=\"widget\" data-e-type=\"widget\" data-widget_type=\"text-editor.default\">\n\t\t\t\t\t\t\t\t\t<p>Hochleistungs-Wasserstrahlger\u00e4te f\u00fcr die industrielle Reinigung, Oberfl\u00e4chenvorbereitung und Offshore-Arbeiten.<\/p>\t\t\t\t\t\t\t\t<\/div>\n\t\t\t\t<div class=\"elementor-element elementor-element-502e47e elementor-align-center elementor-widget elementor-widget-button\" data-id=\"502e47e\" data-element_type=\"widget\" data-e-type=\"widget\" data-widget_type=\"button.default\">\n\t\t\t\t\t\t\t\t\t\t<a class=\"elementor-button elementor-button-link elementor-size-sm\" href=\"https:\/\/denjet.asia\/de\/industry\/\">\n\t\t\t\t\t\t<span class=\"elementor-button-content-wrapper\">\n\t\t\t\t\t\t\t\t\t<span class=\"elementor-button-text\">Enter<\/span>\n\t\t\t\t\t<\/span>\n\t\t\t\t\t<\/a>\n\t\t\t\t\t\t\t\t<\/div>\n\t\t\t\t<\/div>\n\t\t<div class=\"elementor-element elementor-element-4e37572 e-con-full e-flex e-con e-child\" data-id=\"4e37572\" data-element_type=\"container\" data-e-type=\"container\" data-settings=\"{&quot;background_background&quot;:&quot;classic&quot;}\">\n\t\t\t\t<div class=\"elementor-element elementor-element-635fe01 elementor-widget elementor-widget-image\" data-id=\"635fe01\" data-element_type=\"widget\" data-e-type=\"widget\" data-widget_type=\"image.default\">\n\t\t\t\t\t\t\t\t\t\t\t\t\t\t\t<img fetchpriority=\"high\" decoding=\"async\" width=\"778\" height=\"622\" src=\"https:\/\/denjet.asia\/wp-content\/uploads\/2025\/12\/den-jet-logo-footer.png\" class=\"attachment-large size-large wp-image-1778\" alt=\"\" srcset=\"https:\/\/denjet.asia\/wp-content\/uploads\/2025\/12\/den-jet-logo-footer.png 778w, https:\/\/denjet.asia\/wp-content\/uploads\/2025\/12\/den-jet-logo-footer-15x12.png 15w, https:\/\/denjet.asia\/wp-content\/uploads\/2025\/12\/den-jet-logo-footer-300x240.png 300w, https:\/\/denjet.asia\/wp-content\/uploads\/2025\/12\/den-jet-logo-footer-768x614.png 768w\" sizes=\"(max-width: 778px) 100vw, 778px\" \/>\t\t\t\t\t\t\t\t\t\t\t\t\t\t\t<\/div>\n\t\t\t\t<div class=\"elementor-element elementor-element-928debb elementor-widget elementor-widget-heading\" data-id=\"928debb\" data-element_type=\"widget\" data-e-type=\"widget\" data-widget_type=\"heading.default\">\n\t\t\t\t\t<h4 class=\"elementor-heading-title elementor-size-default\">DEN-JET Marine\n<\/h4>\t\t\t\t<\/div>\n\t\t\t\t<div class=\"elementor-element elementor-element-19b3e80 elementor-widget elementor-widget-text-editor\" data-id=\"19b3e80\" data-element_type=\"widget\" data-e-type=\"widget\" data-widget_type=\"text-editor.default\">\n\t\t\t\t\t\t\t\t\t<p>Kompakte, robuste Hochdruckreiniger f\u00fcr die Reinigung an Bord, die Rumpfwartung und den Einsatz auf See.<\/p>\t\t\t\t\t\t\t\t<\/div>\n\t\t\t\t<div class=\"elementor-element elementor-element-96376ef elementor-align-center elementor-widget elementor-widget-button\" data-id=\"96376ef\" data-element_type=\"widget\" data-e-type=\"widget\" data-widget_type=\"button.default\">\n\t\t\t\t\t\t\t\t\t\t<a class=\"elementor-button elementor-button-link elementor-size-sm\" href=\"https:\/\/denjet.asia\/de\/marine\/\">\n\t\t\t\t\t\t<span class=\"elementor-button-content-wrapper\">\n\t\t\t\t\t\t\t\t\t<span class=\"elementor-button-text\">Enter<\/span>\n\t\t\t\t\t<\/span>\n\t\t\t\t\t<\/a>\n\t\t\t\t\t\t\t\t<\/div>\n\t\t\t\t<\/div>\n\t\t\t\t\t<\/div>\n\t\t\t\t<\/div>\n\t\t<div class=\"elementor-element elementor-element-30bc5ca elementor-hidden-desktop elementor-hidden-tablet e-flex e-con-boxed e-con e-parent\" data-id=\"30bc5ca\" data-element_type=\"container\" data-e-type=\"container\" data-settings=\"{&quot;background_background&quot;:&quot;classic&quot;}\">\n\t\t\t\t\t<div class=\"e-con-inner\">\n\t\t\t\t\t<\/div>\n\t\t\t\t<\/div>\n\t\t<div class=\"elementor-element elementor-element-7ca4759 elementor-hidden-desktop elementor-hidden-tablet e-flex e-con-boxed e-con e-parent\" data-id=\"7ca4759\" data-element_type=\"container\" data-e-type=\"container\">\n\t\t\t\t\t<div class=\"e-con-inner\">\n\t\t\t\t<div class=\"elementor-element elementor-element-8868276 elementor-widget elementor-widget-image\" data-id=\"8868276\" data-element_type=\"widget\" data-e-type=\"widget\" data-widget_type=\"image.default\">\n\t\t\t\t\t\t\t\t\t\t\t\t\t\t\t<img fetchpriority=\"high\" decoding=\"async\" width=\"778\" height=\"622\" src=\"https:\/\/denjet.asia\/wp-content\/uploads\/2025\/12\/den-jet-logo-footer.png\" class=\"attachment-large size-large wp-image-1778\" alt=\"\" srcset=\"https:\/\/denjet.asia\/wp-content\/uploads\/2025\/12\/den-jet-logo-footer.png 778w, https:\/\/denjet.asia\/wp-content\/uploads\/2025\/12\/den-jet-logo-footer-15x12.png 15w, https:\/\/denjet.asia\/wp-content\/uploads\/2025\/12\/den-jet-logo-footer-300x240.png 300w, https:\/\/denjet.asia\/wp-content\/uploads\/2025\/12\/den-jet-logo-footer-768x614.png 768w\" sizes=\"(max-width: 778px) 100vw, 778px\" \/>\t\t\t\t\t\t\t\t\t\t\t\t\t\t\t<\/div>\n\t\t\t\t<div class=\"elementor-element elementor-element-c284926 elementor-widget elementor-widget-heading\" data-id=\"c284926\" data-element_type=\"widget\" data-e-type=\"widget\" data-widget_type=\"heading.default\">\n\t\t\t\t\t<h3 class=\"elementor-heading-title elementor-size-default\">DEN-JET Marine<\/h3>\t\t\t\t<\/div>\n\t\t\t\t<div class=\"elementor-element elementor-element-ac0e612 elementor-widget elementor-widget-text-editor\" data-id=\"ac0e612\" data-element_type=\"widget\" data-e-type=\"widget\" data-widget_type=\"text-editor.default\">\n\t\t\t\t\t\t\t\t\t<p>Kompakte, robuste Hochdruckreiniger f\u00fcr die Reinigung an Bord, die Rumpfwartung und den Einsatz auf See.<\/p>\t\t\t\t\t\t\t\t<\/div>\n\t\t\t\t<div class=\"elementor-element elementor-element-70c9579 elementor-align-center elementor-widget elementor-widget-button\" data-id=\"70c9579\" data-element_type=\"widget\" data-e-type=\"widget\" data-widget_type=\"button.default\">\n\t\t\t\t\t\t\t\t\t\t<a class=\"elementor-button elementor-button-link elementor-size-sm\" href=\"https:\/\/denjet.asia\/de\/marine\/\">\n\t\t\t\t\t\t<span class=\"elementor-button-content-wrapper\">\n\t\t\t\t\t\t\t\t\t<span class=\"elementor-button-text\">Enter<\/span>\n\t\t\t\t\t<\/span>\n\t\t\t\t\t<\/a>\n\t\t\t\t\t\t\t\t<\/div>\n\t\t\t\t\t<\/div>\n\t\t\t\t<\/div>\n\t\t<div class=\"elementor-element elementor-element-cf90d24 elementor-hidden-desktop elementor-hidden-tablet e-flex e-con-boxed e-con e-parent\" data-id=\"cf90d24\" data-element_type=\"container\" data-e-type=\"container\" data-settings=\"{&quot;background_background&quot;:&quot;classic&quot;}\">\n\t\t\t\t\t<div class=\"e-con-inner\">\n\t\t\t\t\t<\/div>\n\t\t\t\t<\/div>\n\t\t<div class=\"elementor-element elementor-element-340e5ae elementor-hidden-desktop elementor-hidden-tablet e-flex e-con-boxed e-con e-parent\" data-id=\"340e5ae\" data-element_type=\"container\" data-e-type=\"container\">\n\t\t\t\t\t<div class=\"e-con-inner\">\n\t\t\t\t<div class=\"elementor-element elementor-element-57cfc24 elementor-widget elementor-widget-image\" data-id=\"57cfc24\" data-element_type=\"widget\" data-e-type=\"widget\" data-widget_type=\"image.default\">\n\t\t\t\t\t\t\t\t\t\t\t\t\t\t\t<img fetchpriority=\"high\" decoding=\"async\" width=\"778\" height=\"622\" src=\"https:\/\/denjet.asia\/wp-content\/uploads\/2025\/12\/den-jet-logo-footer.png\" class=\"attachment-large size-large wp-image-1778\" alt=\"\" srcset=\"https:\/\/denjet.asia\/wp-content\/uploads\/2025\/12\/den-jet-logo-footer.png 778w, https:\/\/denjet.asia\/wp-content\/uploads\/2025\/12\/den-jet-logo-footer-15x12.png 15w, https:\/\/denjet.asia\/wp-content\/uploads\/2025\/12\/den-jet-logo-footer-300x240.png 300w, https:\/\/denjet.asia\/wp-content\/uploads\/2025\/12\/den-jet-logo-footer-768x614.png 768w\" sizes=\"(max-width: 778px) 100vw, 778px\" \/>\t\t\t\t\t\t\t\t\t\t\t\t\t\t\t<\/div>\n\t\t\t\t<div class=\"elementor-element elementor-element-eec8177 elementor-widget elementor-widget-heading\" data-id=\"eec8177\" data-element_type=\"widget\" data-e-type=\"widget\" data-widget_type=\"heading.default\">\n\t\t\t\t\t<h3 class=\"elementor-heading-title elementor-size-default\">DEN-JET Industry &amp; Offshore<\/h3>\t\t\t\t<\/div>\n\t\t\t\t<div class=\"elementor-element elementor-element-cac5f8d elementor-widget elementor-widget-text-editor\" data-id=\"cac5f8d\" data-element_type=\"widget\" data-e-type=\"widget\" data-widget_type=\"text-editor.default\">\n\t\t\t\t\t\t\t\t\t<p>Hochleistungs-Wasserstrahlger\u00e4te f\u00fcr die industrielle Reinigung, Oberfl\u00e4chenvorbereitung und Offshore-Arbeiten.<\/p>\t\t\t\t\t\t\t\t<\/div>\n\t\t\t\t<div class=\"elementor-element elementor-element-6566b41 elementor-align-center elementor-widget elementor-widget-button\" data-id=\"6566b41\" data-element_type=\"widget\" data-e-type=\"widget\" data-widget_type=\"button.default\">\n\t\t\t\t\t\t\t\t\t\t<a class=\"elementor-button elementor-button-link elementor-size-sm\" href=\"https:\/\/denjet.asia\/de\/industry\/\">\n\t\t\t\t\t\t<span class=\"elementor-button-content-wrapper\">\n\t\t\t\t\t\t\t\t\t<span class=\"elementor-button-text\">Enter<\/span>\n\t\t\t\t\t<\/span>\n\t\t\t\t\t<\/a>\n\t\t\t\t\t\t\t\t<\/div>\n\t\t\t\t\t<\/div>\n\t\t\t\t<\/div>\n\t\t\t\t<\/div>","protected":false},"excerpt":{"rendered":"<p>DEN-JET Industry &amp; Offshore Heavy-duty water blasters for industrial cleaning, surface prep, and offshore work. Enter DEN-JET Marine Compact, durable water blasters for onboard cleaning, hull maintenance, and marine use. Enter DEN-JET Marine Compact, durable water blasters for onboard cleaning, hull maintenance, and marine use. Enter DEN-JET Industry &amp; Offshore Heavy-duty water blasters for industrial [&hellip;]<\/p>\n","protected":false},"author":2,"featured_media":0,"parent":0,"menu_order":0,"comment_status":"closed","ping_status":"closed","template":"elementor_canvas","meta":{"footnotes":""},"class_list":["post-15","page","type-page","status-publish","hentry"],"blocksy_meta":[],"_links":{"self":[{"href":"https:\/\/denjet.asia\/de\/wp-json\/wp\/v2\/pages\/15","targetHints":{"allow":["GET"]}}],"collection":[{"href":"https:\/\/denjet.asia\/de\/wp-json\/wp\/v2\/pages"}],"about":[{"href":"https:\/\/denjet.asia\/de\/wp-json\/wp\/v2\/types\/page"}],"author":[{"embeddable":true,"href":"https:\/\/denjet.asia\/de\/wp-json\/wp\/v2\/users\/2"}],"replies":[{"embeddable":true,"href":"https:\/\/denjet.asia\/de\/wp-json\/wp\/v2\/comments?post=15"}],"version-history":[{"count":3,"href":"https:\/\/denjet.asia\/de\/wp-json\/wp\/v2\/pages\/15\/revisions"}],"predecessor-version":[{"id":3546,"href":"https:\/\/denjet.asia\/de\/wp-json\/wp\/v2\/pages\/15\/revisions\/3546"}],"wp:attachment":[{"href":"https:\/\/denjet.asia\/de\/wp-json\/wp\/v2\/media?parent=15"}],"curies":[{"name":"wp","href":"https:\/\/api.w.org\/{rel}","templated":true}]}}